{"id":17,"date":"2025-02-14T18:02:14","date_gmt":"2025-02-14T18:02:14","guid":{"rendered":"https:\/\/pagina.fraterasesores.mx\/?page_id=17"},"modified":"2025-02-14T18:10:40","modified_gmt":"2025-02-14T18:10:40","slug":"nuestro-equipo","status":"publish","type":"page","link":"https:\/\/pagina.fraterasesores.mx\/?page_id=17","title":{"rendered":"Nuestro Equipo"},"content":{"rendered":"\n<h2 class=\"wp-block-heading\"><strong>Nuestro Equipo<\/strong><\/h2>\n\n\n\n<div style=\"height:45px\" aria-hidden=\"true\" class=\"wp-block-spacer\"><\/div>\n\n\n\n<p>Contamos con la participaci\u00f3n de profesionales con experiencia en la rama de su especializaci\u00f3n, pone a disposici\u00f3n de sus clientes los recursos necesarios para proporcionar&nbsp;<strong>consultor\u00eda jur\u00eddica integral<\/strong>&nbsp;a fin de gestionar, asesorar, litigar o auditar en cada una de las \u00e1reas que maneja la firma; lo que le permite ofrecer oportunidades en vez de barreras legales y ayudar a encontrar soluciones pr\u00e1cticas y costo-efectivas.<\/p>\n\n\n\n<div style=\"height:100px\" aria-hidden=\"true\" class=\"wp-block-spacer\"><\/div>\n\n\n\n<div class=\"wp-block-columns alignwide is-layout-flex wp-container-core-columns-is-layout-9d6595d7 wp-block-columns-is-layout-flex\">\n<div class=\"wp-block-column is-layout-flow wp-block-column-is-layout-flow\"><div class=\"wp-block-image\">\n<figure class=\"aligncenter size-full is-resized\"><img loading=\"lazy\" decoding=\"async\" width=\"591\" height=\"591\" src=\"https:\/\/pagina.fraterasesores.mx\/wp-content\/uploads\/2025\/02\/tecnico.png\" alt=\"\" class=\"wp-image-66\" style=\"width:152px;height:auto\" srcset=\"https:\/\/pagina.fraterasesores.mx\/wp-content\/uploads\/2025\/02\/tecnico.png 591w, https:\/\/pagina.fraterasesores.mx\/wp-content\/uploads\/2025\/02\/tecnico-300x300.png 300w, https:\/\/pagina.fraterasesores.mx\/wp-content\/uploads\/2025\/02\/tecnico-150x150.png 150w\" sizes=\"auto, (max-width: 591px) 100vw, 591px\" \/><\/figure>\n<\/div>\n\n\n<div class=\"wp-block-group\"><div class=\"wp-block-group__inner-container is-layout-constrained wp-block-group-is-layout-constrained\"><div class=\"wp-block-image\">\n<figure class=\"aligncenter size-full\"><img loading=\"lazy\" decoding=\"async\" width=\"708\" height=\"178\" src=\"https:\/\/pagina.fraterasesores.mx\/wp-content\/uploads\/2025\/02\/contactos.png\" alt=\"\" class=\"wp-image-81\" srcset=\"https:\/\/pagina.fraterasesores.mx\/wp-content\/uploads\/2025\/02\/contactos.png 708w, https:\/\/pagina.fraterasesores.mx\/wp-content\/uploads\/2025\/02\/contactos-300x75.png 300w\" sizes=\"auto, (max-width: 708px) 100vw, 708px\" \/><\/figure>\n<\/div><\/div><\/div>\n<\/div>\n\n\n\n<div class=\"wp-block-column is-layout-flow wp-block-column-is-layout-flow\"><div class=\"wp-block-image\">\n<figure class=\"aligncenter size-full is-resized\"><img loading=\"lazy\" decoding=\"async\" width=\"591\" height=\"591\" src=\"https:\/\/pagina.fraterasesores.mx\/wp-content\/uploads\/2025\/02\/tecnico.png\" alt=\"\" class=\"wp-image-66\" style=\"width:152px;height:auto\" srcset=\"https:\/\/pagina.fraterasesores.mx\/wp-content\/uploads\/2025\/02\/tecnico.png 591w, https:\/\/pagina.fraterasesores.mx\/wp-content\/uploads\/2025\/02\/tecnico-300x300.png 300w, https:\/\/pagina.fraterasesores.mx\/wp-content\/uploads\/2025\/02\/tecnico-150x150.png 150w\" sizes=\"auto, (max-width: 591px) 100vw, 591px\" \/><\/figure>\n<\/div>\n\n\n<div class=\"wp-block-group\"><div class=\"wp-block-group__inner-container is-layout-constrained wp-block-group-is-layout-constrained\"><div class=\"wp-block-image\">\n<figure class=\"aligncenter size-full is-resized\"><img loading=\"lazy\" decoding=\"async\" width=\"708\" height=\"178\" src=\"https:\/\/pagina.fraterasesores.mx\/wp-content\/uploads\/2025\/02\/contactos.png\" alt=\"\" class=\"wp-image-81\" style=\"width:324px;height:auto\" srcset=\"https:\/\/pagina.fraterasesores.mx\/wp-content\/uploads\/2025\/02\/contactos.png 708w, https:\/\/pagina.fraterasesores.mx\/wp-content\/uploads\/2025\/02\/contactos-300x75.png 300w\" sizes=\"auto, (max-width: 708px) 100vw, 708px\" \/><\/figure>\n<\/div><\/div><\/div>\n<\/div>\n\n\n\n<div class=\"wp-block-column is-layout-flow wp-block-column-is-layout-flow\"><div class=\"wp-block-image\">\n<figure class=\"aligncenter size-full is-resized\"><img loading=\"lazy\" decoding=\"async\" width=\"591\" height=\"591\" src=\"https:\/\/pagina.fraterasesores.mx\/wp-content\/uploads\/2025\/02\/tecnico.png\" alt=\"\" class=\"wp-image-66\" style=\"width:152px;height:auto\" srcset=\"https:\/\/pagina.fraterasesores.mx\/wp-content\/uploads\/2025\/02\/tecnico.png 591w, https:\/\/pagina.fraterasesores.mx\/wp-content\/uploads\/2025\/02\/tecnico-300x300.png 300w, https:\/\/pagina.fraterasesores.mx\/wp-content\/uploads\/2025\/02\/tecnico-150x150.png 150w\" sizes=\"auto, (max-width: 591px) 100vw, 591px\" \/><\/figure>\n<\/div>\n\n\n<div class=\"wp-block-group\"><div class=\"wp-block-group__inner-container is-layout-constrained wp-block-group-is-layout-constrained\"><div class=\"wp-block-image\">\n<figure class=\"aligncenter size-full is-resized\"><img loading=\"lazy\" decoding=\"async\" width=\"708\" height=\"178\" src=\"https:\/\/pagina.fraterasesores.mx\/wp-content\/uploads\/2025\/02\/contactos-1.png\" alt=\"\" class=\"wp-image-82\" style=\"width:324px;height:auto\" srcset=\"https:\/\/pagina.fraterasesores.mx\/wp-content\/uploads\/2025\/02\/contactos-1.png 708w, https:\/\/pagina.fraterasesores.mx\/wp-content\/uploads\/2025\/02\/contactos-1-300x75.png 300w\" sizes=\"auto, (max-width: 708px) 100vw, 708px\" \/><\/figure>\n<\/div><\/div><\/div>\n<\/div>\n\n\n\n<div class=\"wp-block-column is-layout-flow wp-block-column-is-layout-flow\"><div class=\"wp-block-image\">\n<figure class=\"aligncenter size-full is-resized\"><img loading=\"lazy\" decoding=\"async\" width=\"591\" height=\"591\" src=\"https:\/\/pagina.fraterasesores.mx\/wp-content\/uploads\/2025\/02\/tecnico.png\" alt=\"\" class=\"wp-image-66\" style=\"width:152px;height:auto\" srcset=\"https:\/\/pagina.fraterasesores.mx\/wp-content\/uploads\/2025\/02\/tecnico.png 591w, https:\/\/pagina.fraterasesores.mx\/wp-content\/uploads\/2025\/02\/tecnico-300x300.png 300w, https:\/\/pagina.fraterasesores.mx\/wp-content\/uploads\/2025\/02\/tecnico-150x150.png 150w\" sizes=\"auto, (max-width: 591px) 100vw, 591px\" \/><\/figure>\n<\/div>\n\n\n<div class=\"wp-block-group\"><div class=\"wp-block-group__inner-container is-layout-constrained wp-block-group-is-layout-constrained\"><div class=\"wp-block-image\">\n<figure class=\"aligncenter size-full is-resized\"><img loading=\"lazy\" decoding=\"async\" width=\"708\" height=\"178\" src=\"https:\/\/pagina.fraterasesores.mx\/wp-content\/uploads\/2025\/02\/contactos-1.png\" alt=\"\" class=\"wp-image-82\" style=\"width:324px;height:auto\" srcset=\"https:\/\/pagina.fraterasesores.mx\/wp-content\/uploads\/2025\/02\/contactos-1.png 708w, https:\/\/pagina.fraterasesores.mx\/wp-content\/uploads\/2025\/02\/contactos-1-300x75.png 300w\" sizes=\"auto, (max-width: 708px) 100vw, 708px\" \/><\/figure>\n<\/div><\/div><\/div>\n<\/div>\n<\/div>\n\n\n\n<p><br><\/p>\n\n\n\n<div style=\"height:157px\" aria-hidden=\"true\" class=\"wp-block-spacer\"><\/div>\n","protected":false},"excerpt":{"rendered":"<p>Nuestro Equipo Contamos con la participaci\u00f3n de profesionales con experiencia en la rama de su especializaci\u00f3n, pone a disposici\u00f3n de sus clientes los recursos necesarios para proporcionar&nbsp;consultor\u00eda jur\u00eddica integral&nbsp;a fin de gestionar, asesorar, litigar o auditar en cada una de las \u00e1reas que maneja la firma; lo que le permite ofrecer oportunidades en vez de [&hellip;]<\/p>\n","protected":false},"author":1,"featured_media":0,"parent":0,"menu_order":0,"comment_status":"closed","ping_status":"closed","template":"","meta":{"footnotes":""},"class_list":["post-17","page","type-page","status-publish","hentry"],"_links":{"self":[{"href":"https:\/\/pagina.fraterasesores.mx\/index.php?rest_route=\/wp\/v2\/pages\/17","targetHints":{"allow":["GET"]}}],"collection":[{"href":"https:\/\/pagina.fraterasesores.mx\/index.php?rest_route=\/wp\/v2\/pages"}],"about":[{"href":"https:\/\/pagina.fraterasesores.mx\/index.php?rest_route=\/wp\/v2\/types\/page"}],"author":[{"embeddable":true,"href":"https:\/\/pagina.fraterasesores.mx\/index.php?rest_route=\/wp\/v2\/users\/1"}],"replies":[{"embeddable":true,"href":"https:\/\/pagina.fraterasesores.mx\/index.php?rest_route=%2Fwp%2Fv2%2Fcomments&post=17"}],"version-history":[{"count":3,"href":"https:\/\/pagina.fraterasesores.mx\/index.php?rest_route=\/wp\/v2\/pages\/17\/revisions"}],"predecessor-version":[{"id":83,"href":"https:\/\/pagina.fraterasesores.mx\/index.php?rest_route=\/wp\/v2\/pages\/17\/revisions\/83"}],"wp:attachment":[{"href":"https:\/\/pagina.fraterasesores.mx\/index.php?rest_route=%2Fwp%2Fv2%2Fmedia&parent=17"}],"curies":[{"name":"wp","href":"https:\/\/api.w.org\/{rel}","templated":true}]}}