{"id":16,"date":"2025-02-14T17:47:14","date_gmt":"2025-02-14T17:47:14","guid":{"rendered":"https:\/\/pagina.fraterasesores.mx\/?page_id=16"},"modified":"2025-02-14T18:05:19","modified_gmt":"2025-02-14T18:05:19","slug":"nuestra-historia","status":"publish","type":"page","link":"https:\/\/pagina.fraterasesores.mx\/?page_id=16","title":{"rendered":"Nuestra Historia"},"content":{"rendered":"\n<div style=\"height:100px\" aria-hidden=\"true\" class=\"wp-block-spacer\"><\/div>\n\n\n\n<h2 class=\"wp-block-heading\">Nuestra Historia<\/h2>\n\n\n\n<div style=\"height:54px\" aria-hidden=\"true\" class=\"wp-block-spacer\"><\/div>\n\n\n\n<p>Constituida en 1993 por abogadas y abogados con alta capacitaci\u00f3n y m\u00e1s de 30 a\u00f1os de experiencia en diversas ramas del Derecho, est\u00e1 dedicada a la gesti\u00f3n, consultor\u00eda jur\u00eddica y litigio, en los \u00e1mbitos corporativo, de contratos, administrativo, mercantil, civil, familiar, laboral, fiscal y en materia constitucional y de amparo, as\u00ed como a la pr\u00e1ctica de auditor\u00edas legales.<\/p>\n\n\n\n<div style=\"height:83px\" aria-hidden=\"true\" class=\"wp-block-spacer\"><\/div>\n\n\n\n<div class=\"wp-block-columns is-layout-flex wp-container-core-columns-is-layout-9d6595d7 wp-block-columns-is-layout-flex\">\n<div class=\"wp-block-column is-layout-flow wp-block-column-is-layout-flow\">\n<p class=\"has-text-align-center\"><strong>MISI\u00d3N<\/strong> <\/p>\n\n\n\n<p class=\"has-text-align-center\"><br>Prevenir, atender y resolver los conflictos y cuestiones legales de nuestros clientes.<\/p>\n<\/div>\n\n\n\n<div class=\"wp-block-column is-layout-flow wp-block-column-is-layout-flow\">\n<p class=\"has-text-align-center\"><strong>VISI\u00d3N<\/strong><\/p>\n\n\n\n<p class=\"has-text-align-center\">Distinguirnos por proporcionar a nuestros clientes servicios jur\u00eddicos eficientes y con calidad de excelencia.<\/p>\n<\/div>\n\n\n\n<div class=\"wp-block-column is-layout-flow wp-block-column-is-layout-flow\">\n<p class=\"has-text-align-center\"><strong>VALORES<\/strong><\/p>\n\n\n\n<p class=\"has-text-align-center\">Honestidad, confianza, calidad, profesionalismo y experiencia.<\/p>\n<\/div>\n<\/div>\n\n\n\n<div style=\"height:130px\" aria-hidden=\"true\" class=\"wp-block-spacer\"><\/div>\n\n\n\n<p><\/p>\n","protected":false},"excerpt":{"rendered":"<p>Nuestra Historia Constituida en 1993 por abogadas y abogados con alta capacitaci\u00f3n y m\u00e1s de 30 a\u00f1os de experiencia en diversas ramas del Derecho, est\u00e1 dedicada a la gesti\u00f3n, consultor\u00eda jur\u00eddica y litigio, en los \u00e1mbitos corporativo, de contratos, administrativo, mercantil, civil, familiar, laboral, fiscal y en materia constitucional y de amparo, as\u00ed como a [&hellip;]<\/p>\n","protected":false},"author":1,"featured_media":0,"parent":0,"menu_order":0,"comment_status":"closed","ping_status":"closed","template":"","meta":{"footnotes":""},"class_list":["post-16","page","type-page","status-publish","hentry"],"_links":{"self":[{"href":"https:\/\/pagina.fraterasesores.mx\/index.php?rest_route=\/wp\/v2\/pages\/16","targetHints":{"allow":["GET"]}}],"collection":[{"href":"https:\/\/pagina.fraterasesores.mx\/index.php?rest_route=\/wp\/v2\/pages"}],"about":[{"href":"https:\/\/pagina.fraterasesores.mx\/index.php?rest_route=\/wp\/v2\/types\/page"}],"author":[{"embeddable":true,"href":"https:\/\/pagina.fraterasesores.mx\/index.php?rest_route=\/wp\/v2\/users\/1"}],"replies":[{"embeddable":true,"href":"https:\/\/pagina.fraterasesores.mx\/index.php?rest_route=%2Fwp%2Fv2%2Fcomments&post=16"}],"version-history":[{"count":3,"href":"https:\/\/pagina.fraterasesores.mx\/index.php?rest_route=\/wp\/v2\/pages\/16\/revisions"}],"predecessor-version":[{"id":72,"href":"https:\/\/pagina.fraterasesores.mx\/index.php?rest_route=\/wp\/v2\/pages\/16\/revisions\/72"}],"wp:attachment":[{"href":"https:\/\/pagina.fraterasesores.mx\/index.php?rest_route=%2Fwp%2Fv2%2Fmedia&parent=16"}],"curies":[{"name":"wp","href":"https:\/\/api.w.org\/{rel}","templated":true}]}}